{"id":371,"date":"2024-09-12T18:12:17","date_gmt":"2024-09-12T16:12:17","guid":{"rendered":"https:\/\/mayiclean.com\/index.php\/cancel-appointment\/"},"modified":"-0001-11-30T00:00:00","modified_gmt":"-0001-11-29T22:00:00","slug":"cancel-appointment","status":"publish","type":"page","link":"https:\/\/mayiclean.com\/index.php\/cancel-appointment\/","title":{"rendered":"Rendez-vous annul\u00e9"},"content":{"rendered":"\n<div class=\"bpa-front-cancel-module-container\">\n<div class=\"bpa-front-cmc__title\">D\u00e9sol\u00e9 d\u2019apprendre que vous avez demand\u00e9 l\u2019annulation du rendez-vous.<\/div>\n<div class=\"bpa-front-cmc__desc\">Nous avons envoy\u00e9 une notification par e-mail pour annuler un rendez-vous. Veuillez cliquer sur le bouton pour annuler le rendez-vous.<\/div>\n<\/p><\/div>\n","protected":false},"excerpt":{"rendered":"<p>D\u00e9sol\u00e9 d\u2019apprendre que vous avez demand\u00e9 l\u2019annulation du rendez-vous. Nous avons envoy\u00e9 une notification par e-mail pour annuler un rendez-vous. Veuillez cliquer sur le bouton pour annuler le rendez-vous.<\/p>\n","protected":false},"author":1,"featured_media":0,"parent":0,"menu_order":0,"comment_status":"open","ping_status":"open","template":"","meta":{"footnotes":""},"class_list":["post-371","page","type-page","status-publish","hentry","entry"],"yoast_head":"<!-- This site is optimized with the Yoast SEO plugin v23.4 - https:\/\/yoast.com\/wordpress\/plugins\/seo\/ -->\n<title>Rendez-vous annul\u00e9 - May I clean<\/title>\n<meta name=\"robots\" content=\"index, follow, max-snippet:-1, max-image-preview:large, max-video-preview:-1\" \/>\n<link rel=\"canonical\" href=\"https:\/\/mayiclean.com\/index.php\/cancel-appointment\/\" \/>\n<meta property=\"og:locale\" content=\"en_US\" \/>\n<meta property=\"og:type\" content=\"article\" \/>\n<meta property=\"og:title\" content=\"Rendez-vous annul\u00e9 - May I clean\" \/>\n<meta property=\"og:description\" content=\"D\u00e9sol\u00e9 d\u2019apprendre que vous avez demand\u00e9 l\u2019annulation du rendez-vous. Nous avons envoy\u00e9 une notification par e-mail pour annuler un rendez-vous. Veuillez cliquer sur le bouton pour annuler le rendez-vous.\" \/>\n<meta property=\"og:url\" content=\"https:\/\/mayiclean.com\/index.php\/cancel-appointment\/\" \/>\n<meta property=\"og:site_name\" content=\"May I clean\" \/>\n<meta property=\"article:publisher\" content=\"https:\/\/www.facebook.com\/profile.php?id=100091306489937\" \/>\n<meta property=\"article:modified_time\" content=\"-0001-11-30T00:00:00+00:00\" \/>\n<meta name=\"twitter:card\" content=\"summary_large_image\" \/>\n<script type=\"application\/ld+json\" class=\"yoast-schema-graph\">{\"@context\":\"https:\/\/schema.org\",\"@graph\":[{\"@type\":\"WebPage\",\"@id\":\"https:\/\/mayiclean.com\/index.php\/cancel-appointment\/\",\"url\":\"https:\/\/mayiclean.com\/index.php\/cancel-appointment\/\",\"name\":\"Rendez-vous annul\u00e9 - May I clean\",\"isPartOf\":{\"@id\":\"https:\/\/mayiclean.com\/#website\"},\"datePublished\":\"2024-09-12T16:12:17+00:00\",\"dateModified\":\"-0001-11-30T00:00:00+00:00\",\"breadcrumb\":{\"@id\":\"https:\/\/mayiclean.com\/index.php\/cancel-appointment\/#breadcrumb\"},\"inLanguage\":\"en-US\",\"potentialAction\":[{\"@type\":\"ReadAction\",\"target\":[\"https:\/\/mayiclean.com\/index.php\/cancel-appointment\/\"]}]},{\"@type\":\"BreadcrumbList\",\"@id\":\"https:\/\/mayiclean.com\/index.php\/cancel-appointment\/#breadcrumb\",\"itemListElement\":[{\"@type\":\"ListItem\",\"position\":1,\"name\":\"Accueil\",\"item\":\"https:\/\/mayiclean.com\/\"},{\"@type\":\"ListItem\",\"position\":2,\"name\":\"Rendez-vous annul\u00e9\"}]},{\"@type\":\"WebSite\",\"@id\":\"https:\/\/mayiclean.com\/#website\",\"url\":\"https:\/\/mayiclean.com\/\",\"name\":\"May I clean\",\"description\":\"Nettoyage &amp; Entretien courant du domicile\",\"publisher\":{\"@id\":\"https:\/\/mayiclean.com\/#organization\"},\"potentialAction\":[{\"@type\":\"SearchAction\",\"target\":{\"@type\":\"EntryPoint\",\"urlTemplate\":\"https:\/\/mayiclean.com\/?s={search_term_string}\"},\"query-input\":{\"@type\":\"PropertyValueSpecification\",\"valueRequired\":true,\"valueName\":\"search_term_string\"}}],\"inLanguage\":\"en-US\"},{\"@type\":\"Organization\",\"@id\":\"https:\/\/mayiclean.com\/#organization\",\"name\":\"May I clean\",\"url\":\"https:\/\/mayiclean.com\/\",\"logo\":{\"@type\":\"ImageObject\",\"inLanguage\":\"en-US\",\"@id\":\"https:\/\/mayiclean.com\/#\/schema\/logo\/image\/\",\"url\":\"https:\/\/mayiclean.com\/wp-content\/uploads\/2024\/09\/cropped-cropped-cropped-Logo-may-i-clean-5.png\",\"contentUrl\":\"https:\/\/mayiclean.com\/wp-content\/uploads\/2024\/09\/cropped-cropped-cropped-Logo-may-i-clean-5.png\",\"width\":250,\"height\":250,\"caption\":\"May I clean\"},\"image\":{\"@id\":\"https:\/\/mayiclean.com\/#\/schema\/logo\/image\/\"},\"sameAs\":[\"https:\/\/www.facebook.com\/profile.php?id=100091306489937\",\"https:\/\/www.instagram.com\/mayicleanmarie\/\"]}]}<\/script>\n<!-- \/ Yoast SEO plugin. -->","yoast_head_json":{"title":"Rendez-vous annul\u00e9 - May I clean","robots":{"index":"index","follow":"follow","max-snippet":"max-snippet:-1","max-image-preview":"max-image-preview:large","max-video-preview":"max-video-preview:-1"},"canonical":"https:\/\/mayiclean.com\/index.php\/cancel-appointment\/","og_locale":"en_US","og_type":"article","og_title":"Rendez-vous annul\u00e9 - May I clean","og_description":"D\u00e9sol\u00e9 d\u2019apprendre que vous avez demand\u00e9 l\u2019annulation du rendez-vous. Nous avons envoy\u00e9 une notification par e-mail pour annuler un rendez-vous. Veuillez cliquer sur le bouton pour annuler le rendez-vous.","og_url":"https:\/\/mayiclean.com\/index.php\/cancel-appointment\/","og_site_name":"May I clean","article_publisher":"https:\/\/www.facebook.com\/profile.php?id=100091306489937","article_modified_time":"-0001-11-30T00:00:00+00:00","twitter_card":"summary_large_image","schema":{"@context":"https:\/\/schema.org","@graph":[{"@type":"WebPage","@id":"https:\/\/mayiclean.com\/index.php\/cancel-appointment\/","url":"https:\/\/mayiclean.com\/index.php\/cancel-appointment\/","name":"Rendez-vous annul\u00e9 - May I clean","isPartOf":{"@id":"https:\/\/mayiclean.com\/#website"},"datePublished":"2024-09-12T16:12:17+00:00","dateModified":"-0001-11-30T00:00:00+00:00","breadcrumb":{"@id":"https:\/\/mayiclean.com\/index.php\/cancel-appointment\/#breadcrumb"},"inLanguage":"en-US","potentialAction":[{"@type":"ReadAction","target":["https:\/\/mayiclean.com\/index.php\/cancel-appointment\/"]}]},{"@type":"BreadcrumbList","@id":"https:\/\/mayiclean.com\/index.php\/cancel-appointment\/#breadcrumb","itemListElement":[{"@type":"ListItem","position":1,"name":"Accueil","item":"https:\/\/mayiclean.com\/"},{"@type":"ListItem","position":2,"name":"Rendez-vous annul\u00e9"}]},{"@type":"WebSite","@id":"https:\/\/mayiclean.com\/#website","url":"https:\/\/mayiclean.com\/","name":"May I clean","description":"Nettoyage &amp; Entretien courant du domicile","publisher":{"@id":"https:\/\/mayiclean.com\/#organization"},"potentialAction":[{"@type":"SearchAction","target":{"@type":"EntryPoint","urlTemplate":"https:\/\/mayiclean.com\/?s={search_term_string}"},"query-input":{"@type":"PropertyValueSpecification","valueRequired":true,"valueName":"search_term_string"}}],"inLanguage":"en-US"},{"@type":"Organization","@id":"https:\/\/mayiclean.com\/#organization","name":"May I clean","url":"https:\/\/mayiclean.com\/","logo":{"@type":"ImageObject","inLanguage":"en-US","@id":"https:\/\/mayiclean.com\/#\/schema\/logo\/image\/","url":"https:\/\/mayiclean.com\/wp-content\/uploads\/2024\/09\/cropped-cropped-cropped-Logo-may-i-clean-5.png","contentUrl":"https:\/\/mayiclean.com\/wp-content\/uploads\/2024\/09\/cropped-cropped-cropped-Logo-may-i-clean-5.png","width":250,"height":250,"caption":"May I clean"},"image":{"@id":"https:\/\/mayiclean.com\/#\/schema\/logo\/image\/"},"sameAs":["https:\/\/www.facebook.com\/profile.php?id=100091306489937","https:\/\/www.instagram.com\/mayicleanmarie\/"]}]}},"_links":{"self":[{"href":"https:\/\/mayiclean.com\/index.php\/wp-json\/wp\/v2\/pages\/371","targetHints":{"allow":["GET"]}}],"collection":[{"href":"https:\/\/mayiclean.com\/index.php\/wp-json\/wp\/v2\/pages"}],"about":[{"href":"https:\/\/mayiclean.com\/index.php\/wp-json\/wp\/v2\/types\/page"}],"author":[{"embeddable":true,"href":"https:\/\/mayiclean.com\/index.php\/wp-json\/wp\/v2\/users\/1"}],"replies":[{"embeddable":true,"href":"https:\/\/mayiclean.com\/index.php\/wp-json\/wp\/v2\/comments?post=371"}],"version-history":[{"count":0,"href":"https:\/\/mayiclean.com\/index.php\/wp-json\/wp\/v2\/pages\/371\/revisions"}],"wp:attachment":[{"href":"https:\/\/mayiclean.com\/index.php\/wp-json\/wp\/v2\/media?parent=371"}],"curies":[{"name":"wp","href":"https:\/\/api.w.org\/{rel}","templated":true}]}}